{"id":2851,"date":"2023-06-07T20:30:34","date_gmt":"2023-06-07T18:30:34","guid":{"rendered":"https:\/\/carlosmontull.com\/?post_type=product&#038;p=2851"},"modified":"2023-06-08T11:47:25","modified_gmt":"2023-06-08T09:47:25","slug":"groove-16th-transcription-tabs","status":"publish","type":"product","link":"https:\/\/carlosmontull.com\/en\/product\/groove-16th-transcription-tabs\/","title":{"rendered":"Groove 16th (R. Prestia, Jaco, J. Dart, R. Bona) [Notation + TABS]"},"content":{"rendered":"<p>Transcripci\u00f3n (notaci\u00f3n + Tabs) de este groove a semicorcheas formado por peque\u00f1as frases de los bajistas Rocco Prestia, Jaco Pastorius, Joe Dart y Richard Bona.<\/p>\n<p>Instrumento: Bajo el\u00e9ctrico<\/p>\n<p>Estilo: Funk &#8211; Groove<\/p>\n<p>Nivel: Intermedio-avanzado<\/p>\n<p>Contenido: PDF con la transcripci\u00f3n y TABS del groove (2 p\u00e1gs)<\/p>","protected":false},"excerpt":{"rendered":"<p>Transcripci\u00f3n (notaci\u00f3n + Tabs) de este groove a semicorcheas formado por peque\u00f1as frases de los bajistas Rocco Prestia, Jaco Pastorius, Joe Dart y Richard Bona.<\/p>\n<p>Instrumento: Bajo el\u00e9ctrico<\/p>\n<p>Estilo: Funk &#8211; Groove<\/p>\n<p>Nivel: Intermedio-avanzado<\/p>\n<p>Contenido: PDF con la transcripci\u00f3n y TABS del groove (2 p\u00e1gs)<\/p>","protected":false},"featured_media":2855,"comment_status":"open","ping_status":"closed","template":"","meta":[],"product_brand":[],"product_cat":[27],"product_tag":[66,31,71,67,72,47,74,73,70,69,68,30,52],"class_list":{"0":"post-2851","1":"product","2":"type-product","3":"status-publish","4":"has-post-thumbnail","6":"product_cat-partituraspdf","7":"product_tag-bajo-electrico","8":"product_tag-groove","9":"product_tag-jaco","10":"product_tag-joe-dart","11":"product_tag-pastorius","12":"product_tag-pdf","13":"product_tag-prestia","14":"product_tag-rocco","15":"product_tag-tab","16":"product_tag-tabs","17":"product_tag-transcripcion","18":"product_tag-transcription","19":"product_tag-tutorial","21":"first","22":"instock","23":"downloadable","24":"virtual","25":"taxable","26":"purchasable","27":"product-type-simple"},"yoast_head":"<!-- This site is optimized with the Yoast SEO plugin v21.0 - https:\/\/yoast.com\/wordpress\/plugins\/seo\/ -->\n<title>Groove 16th (R. Prestia, Jaco, J. Dart, R. Bona) [Notation + TABS] | Carlos Montull<\/title>\n<meta name=\"robots\" content=\"index, follow, max-snippet:-1, max-image-preview:large, max-video-preview:-1\" \/>\n<link rel=\"canonical\" href=\"https:\/\/carlosmontull.com\/en\/product\/groove-16th-transcription-tabs\/\" \/>\n<meta property=\"og:locale\" content=\"en_GB\" \/>\n<meta property=\"og:type\" content=\"article\" \/>\n<meta property=\"og:title\" content=\"Groove 16th (R. Prestia, Jaco, J. Dart, R. Bona) [Notation + TABS] | Carlos Montull\" \/>\n<meta property=\"og:description\" content=\"Transcripci\u00f3n (notaci\u00f3n + Tabs) de este groove a semicorcheas formado por peque\u00f1as frases de los bajistas Rocco Prestia, Jaco Pastorius, Joe Dart y Richard Bona.  Instrumento: Bajo el\u00e9ctrico  Estilo: Funk - Groove  Nivel: Intermedio-avanzado  Contenido: PDF con la transcripci\u00f3n y TABS del groove (2 p\u00e1gs)\" \/>\n<meta property=\"og:url\" content=\"https:\/\/carlosmontull.com\/en\/product\/groove-16th-transcription-tabs\/\" \/>\n<meta property=\"og:site_name\" content=\"Carlos Montull\" \/>\n<meta property=\"article:modified_time\" content=\"2023-06-08T09:47:25+00:00\" \/>\n<meta property=\"og:image\" content=\"https:\/\/carlosmontull.com\/wp-content\/uploads\/Groove-16th.png\" \/>\n\t<meta property=\"og:image:width\" content=\"879\" \/>\n\t<meta property=\"og:image:height\" content=\"460\" \/>\n\t<meta property=\"og:image:type\" content=\"image\/png\" \/>\n<meta name=\"twitter:card\" content=\"summary_large_image\" \/>\n<meta name=\"twitter:label1\" content=\"Estimated reading time\" \/>\n\t<meta name=\"twitter:data1\" content=\"1 minute\" \/>\n<script type=\"application\/ld+json\" class=\"yoast-schema-graph\">{\"@context\":\"https:\/\/schema.org\",\"@graph\":[{\"@type\":\"WebPage\",\"@id\":\"https:\/\/carlosmontull.com\/producto\/groove-16th-transcription-tabs\/\",\"url\":\"https:\/\/carlosmontull.com\/producto\/groove-16th-transcription-tabs\/\",\"name\":\"Groove 16th (R. Prestia, Jaco, J. Dart, R. Bona) [Notation + TABS] | Carlos Montull\",\"isPartOf\":{\"@id\":\"https:\/\/carlosmontull.com\/#website\"},\"datePublished\":\"2023-06-07T18:30:34+00:00\",\"dateModified\":\"2023-06-08T09:47:25+00:00\",\"breadcrumb\":{\"@id\":\"https:\/\/carlosmontull.com\/producto\/groove-16th-transcription-tabs\/#breadcrumb\"},\"inLanguage\":\"en-GB\",\"potentialAction\":[{\"@type\":\"ReadAction\",\"target\":[\"https:\/\/carlosmontull.com\/producto\/groove-16th-transcription-tabs\/\"]}]},{\"@type\":\"BreadcrumbList\",\"@id\":\"https:\/\/carlosmontull.com\/producto\/groove-16th-transcription-tabs\/#breadcrumb\",\"itemListElement\":[{\"@type\":\"ListItem\",\"position\":1,\"name\":\"Portada\",\"item\":\"https:\/\/carlosmontull.com\/\"},{\"@type\":\"ListItem\",\"position\":2,\"name\":\"Tienda\",\"item\":\"https:\/\/carlosmontull.com\/tienda\/\"},{\"@type\":\"ListItem\",\"position\":3,\"name\":\"Groove 16th (R. Prestia, Jaco, J. Dart, R. Bona) [Notation + TABS]\"}]},{\"@type\":\"WebSite\",\"@id\":\"https:\/\/carlosmontull.com\/#website\",\"url\":\"https:\/\/carlosmontull.com\/\",\"name\":\"Carlos Montull\",\"description\":\"Carlos Montull Website\",\"publisher\":{\"@id\":\"https:\/\/carlosmontull.com\/#\/schema\/person\/40df14684c5a6babffd5a242c9042b4f\"},\"potentialAction\":[{\"@type\":\"SearchAction\",\"target\":{\"@type\":\"EntryPoint\",\"urlTemplate\":\"https:\/\/carlosmontull.com\/?s={search_term_string}\"},\"query-input\":\"required name=search_term_string\"}],\"inLanguage\":\"en-GB\"},{\"@type\":[\"Person\",\"Organization\"],\"@id\":\"https:\/\/carlosmontull.com\/#\/schema\/person\/40df14684c5a6babffd5a242c9042b4f\",\"name\":\"carlosmontull\",\"image\":{\"@type\":\"ImageObject\",\"inLanguage\":\"en-GB\",\"@id\":\"https:\/\/carlosmontull.com\/#\/schema\/person\/image\/\",\"url\":\"https:\/\/carlosmontull.com\/wp-content\/uploads\/2018\/05\/cropped-LOGO-CARLOS-NOMBRE-SOLO-BLANCO-e1607903774408.png\",\"contentUrl\":\"https:\/\/carlosmontull.com\/wp-content\/uploads\/2018\/05\/cropped-LOGO-CARLOS-NOMBRE-SOLO-BLANCO-e1607903774408.png\",\"width\":2335,\"height\":336,\"caption\":\"carlosmontull\"},\"logo\":{\"@id\":\"https:\/\/carlosmontull.com\/#\/schema\/person\/image\/\"},\"sameAs\":[\"https:\/\/carlosmontull.com\"]}]}<\/script>\n<!-- \/ Yoast SEO plugin. -->","yoast_head_json":{"title":"Groove 16th (R. Prestia, Jaco, J. Dart, R. Bona) [Notation + TABS] | Carlos Montull","robots":{"index":"index","follow":"follow","max-snippet":"max-snippet:-1","max-image-preview":"max-image-preview:large","max-video-preview":"max-video-preview:-1"},"canonical":"https:\/\/carlosmontull.com\/en\/product\/groove-16th-transcription-tabs\/","og_locale":"en_GB","og_type":"article","og_title":"Groove 16th (R. Prestia, Jaco, J. Dart, R. Bona) [Notation + TABS] | Carlos Montull","og_description":"Transcripci\u00f3n (notaci\u00f3n + Tabs) de este groove a semicorcheas formado por peque\u00f1as frases de los bajistas Rocco Prestia, Jaco Pastorius, Joe Dart y Richard Bona.  Instrumento: Bajo el\u00e9ctrico  Estilo: Funk - Groove  Nivel: Intermedio-avanzado  Contenido: PDF con la transcripci\u00f3n y TABS del groove (2 p\u00e1gs)","og_url":"https:\/\/carlosmontull.com\/en\/product\/groove-16th-transcription-tabs\/","og_site_name":"Carlos Montull","article_modified_time":"2023-06-08T09:47:25+00:00","og_image":[{"width":879,"height":460,"url":"https:\/\/carlosmontull.com\/wp-content\/uploads\/Groove-16th.png","type":"image\/png"}],"twitter_card":"summary_large_image","twitter_misc":{"Estimated reading time":"1 minute"},"schema":{"@context":"https:\/\/schema.org","@graph":[{"@type":"WebPage","@id":"https:\/\/carlosmontull.com\/producto\/groove-16th-transcription-tabs\/","url":"https:\/\/carlosmontull.com\/producto\/groove-16th-transcription-tabs\/","name":"Groove 16th (R. Prestia, Jaco, J. Dart, R. Bona) [Notation + TABS] | Carlos Montull","isPartOf":{"@id":"https:\/\/carlosmontull.com\/#website"},"datePublished":"2023-06-07T18:30:34+00:00","dateModified":"2023-06-08T09:47:25+00:00","breadcrumb":{"@id":"https:\/\/carlosmontull.com\/producto\/groove-16th-transcription-tabs\/#breadcrumb"},"inLanguage":"en-GB","potentialAction":[{"@type":"ReadAction","target":["https:\/\/carlosmontull.com\/producto\/groove-16th-transcription-tabs\/"]}]},{"@type":"BreadcrumbList","@id":"https:\/\/carlosmontull.com\/producto\/groove-16th-transcription-tabs\/#breadcrumb","itemListElement":[{"@type":"ListItem","position":1,"name":"Portada","item":"https:\/\/carlosmontull.com\/"},{"@type":"ListItem","position":2,"name":"Tienda","item":"https:\/\/carlosmontull.com\/tienda\/"},{"@type":"ListItem","position":3,"name":"Groove 16th (R. Prestia, Jaco, J. Dart, R. Bona) [Notation + TABS]"}]},{"@type":"WebSite","@id":"https:\/\/carlosmontull.com\/#website","url":"https:\/\/carlosmontull.com\/","name":"Carlos Montull","description":"Carlos Montull Website","publisher":{"@id":"https:\/\/carlosmontull.com\/#\/schema\/person\/40df14684c5a6babffd5a242c9042b4f"},"potentialAction":[{"@type":"SearchAction","target":{"@type":"EntryPoint","urlTemplate":"https:\/\/carlosmontull.com\/?s={search_term_string}"},"query-input":"required name=search_term_string"}],"inLanguage":"en-GB"},{"@type":["Person","Organization"],"@id":"https:\/\/carlosmontull.com\/#\/schema\/person\/40df14684c5a6babffd5a242c9042b4f","name":"carlosmontull","image":{"@type":"ImageObject","inLanguage":"en-GB","@id":"https:\/\/carlosmontull.com\/#\/schema\/person\/image\/","url":"https:\/\/carlosmontull.com\/wp-content\/uploads\/2018\/05\/cropped-LOGO-CARLOS-NOMBRE-SOLO-BLANCO-e1607903774408.png","contentUrl":"https:\/\/carlosmontull.com\/wp-content\/uploads\/2018\/05\/cropped-LOGO-CARLOS-NOMBRE-SOLO-BLANCO-e1607903774408.png","width":2335,"height":336,"caption":"carlosmontull"},"logo":{"@id":"https:\/\/carlosmontull.com\/#\/schema\/person\/image\/"},"sameAs":["https:\/\/carlosmontull.com"]}]}},"_links":{"self":[{"href":"https:\/\/carlosmontull.com\/en\/wp-json\/wp\/v2\/product\/2851","targetHints":{"allow":["GET"]}}],"collection":[{"href":"https:\/\/carlosmontull.com\/en\/wp-json\/wp\/v2\/product"}],"about":[{"href":"https:\/\/carlosmontull.com\/en\/wp-json\/wp\/v2\/types\/product"}],"replies":[{"embeddable":true,"href":"https:\/\/carlosmontull.com\/en\/wp-json\/wp\/v2\/comments?post=2851"}],"version-history":[{"count":0,"href":"https:\/\/carlosmontull.com\/en\/wp-json\/wp\/v2\/product\/2851\/revisions"}],"wp:featuredmedia":[{"embeddable":true,"href":"https:\/\/carlosmontull.com\/en\/wp-json\/wp\/v2\/media\/2855"}],"wp:attachment":[{"href":"https:\/\/carlosmontull.com\/en\/wp-json\/wp\/v2\/media?parent=2851"}],"wp:term":[{"taxonomy":"product_brand","embeddable":true,"href":"https:\/\/carlosmontull.com\/en\/wp-json\/wp\/v2\/product_brand?post=2851"},{"taxonomy":"product_cat","embeddable":true,"href":"https:\/\/carlosmontull.com\/en\/wp-json\/wp\/v2\/product_cat?post=2851"},{"taxonomy":"product_tag","embeddable":true,"href":"https:\/\/carlosmontull.com\/en\/wp-json\/wp\/v2\/product_tag?post=2851"}],"curies":[{"name":"wp","href":"https:\/\/api.w.org\/{rel}","templated":true}]}}