{"id":2808,"date":"2022-08-27T18:13:23","date_gmt":"2022-08-27T16:13:23","guid":{"rendered":"https:\/\/carlosmontull.com\/?post_type=product&#038;p=2808"},"modified":"2023-06-08T11:24:44","modified_gmt":"2023-06-08T09:24:44","slug":"funky-slap-bass-groove-in-am-pdf-transcription-tabs","status":"publish","type":"product","link":"https:\/\/carlosmontull.com\/en\/product\/funky-slap-bass-groove-in-am-pdf-transcription-tabs\/","title":{"rendered":"Funky Slap Bass Groove in Am (PDF Transcription + TABS)"},"content":{"rendered":"<p>Transcripci\u00f3n (notaci\u00f3n + Tabs) de este groove original que utiliza la t\u00e9cnica de Slap.<\/p>\n<p>Instrumento: Bajo el\u00e9ctrico<\/p>\n<p>Estilo: Funk-Rock<\/p>\n<p>Nivel: Avanzado<\/p>\n<p>Contenido: PDF con la transcripci\u00f3n y TABS del groove (1 p\u00e1g)<\/p>\n<p>&nbsp;<\/p>\n<p><iframe title=\"Slap Bass Groove in Am - FREE PDF TRANSCRIPTION + TABS (with Sire V7 and Jad Freer CAPO DI)\" width=\"1200\" height=\"675\" src=\"https:\/\/www.youtube.com\/embed\/2bx_1W52t0s?feature=oembed\" frameborder=\"0\" allow=\"accelerometer; autoplay; clipboard-write; encrypted-media; gyroscope; picture-in-picture; web-share\" allowfullscreen><\/iframe><\/p>","protected":false},"excerpt":{"rendered":"<p>Transcripci\u00f3n (notaci\u00f3n + Tabs) de este groove original que utiliza la t\u00e9cnica de Slap.<\/p>\n<p>Instrumento: Bajo el\u00e9ctrico<\/p>\n<p>Estilo: Funk-Rock<\/p>\n<p>Nivel: Avanzado<\/p>\n<p>Contenido: PDF con la transcripci\u00f3n y TABS del groove (1 p\u00e1g)<\/p>","protected":false},"featured_media":2809,"comment_status":"open","ping_status":"closed","template":"","meta":[],"product_brand":[],"product_cat":[27],"product_tag":[48,53,56,54,31,57,55,52],"class_list":{"0":"post-2808","1":"product","2":"type-product","3":"status-publish","4":"has-post-thumbnail","6":"product_cat-partituraspdf","7":"product_tag-bajo","8":"product_tag-basslesson","9":"product_tag-clasedebajo","10":"product_tag-funk","11":"product_tag-groove","12":"product_tag-musicafunk","13":"product_tag-slap","14":"product_tag-tutorial","16":"first","17":"instock","18":"downloadable","19":"virtual","20":"taxable","21":"purchasable","22":"product-type-simple"},"yoast_head":"<!-- This site is optimized with the Yoast SEO plugin v21.0 - https:\/\/yoast.com\/wordpress\/plugins\/seo\/ -->\n<title>Funky Slap Bass Groove in Am (PDF Transcription + TABS) | Carlos Montull<\/title>\n<meta name=\"description\" content=\"Tutorial de bajo de un groove con slap en A menor. Slap groove bass lesson in Am. PDF transcription + TABS\" \/>\n<meta name=\"robots\" content=\"index, follow, max-snippet:-1, max-image-preview:large, max-video-preview:-1\" \/>\n<link rel=\"canonical\" href=\"https:\/\/carlosmontull.com\/en\/product\/funky-slap-bass-groove-in-am-pdf-transcription-tabs\/\" \/>\n<meta property=\"og:locale\" content=\"en_GB\" \/>\n<meta property=\"og:type\" content=\"article\" \/>\n<meta property=\"og:title\" content=\"Funky Slap Bass Groove in Am (PDF Transcription + TABS) | Carlos Montull\" \/>\n<meta property=\"og:description\" content=\"Tutorial de bajo de un groove con slap en A menor. Slap groove bass lesson in Am. PDF transcription + TABS\" \/>\n<meta property=\"og:url\" content=\"https:\/\/carlosmontull.com\/en\/product\/funky-slap-bass-groove-in-am-pdf-transcription-tabs\/\" \/>\n<meta property=\"og:site_name\" content=\"Carlos Montull\" \/>\n<meta property=\"article:modified_time\" content=\"2023-06-08T09:24:44+00:00\" \/>\n<meta property=\"og:image\" content=\"https:\/\/carlosmontull.com\/wp-content\/uploads\/Slap-groove.png\" \/>\n\t<meta property=\"og:image:width\" content=\"1280\" \/>\n\t<meta property=\"og:image:height\" content=\"720\" \/>\n\t<meta property=\"og:image:type\" content=\"image\/png\" \/>\n<meta name=\"twitter:card\" content=\"summary_large_image\" \/>\n<meta name=\"twitter:label1\" content=\"Estimated reading time\" \/>\n\t<meta name=\"twitter:data1\" content=\"1 minute\" \/>\n<script type=\"application\/ld+json\" class=\"yoast-schema-graph\">{\"@context\":\"https:\/\/schema.org\",\"@graph\":[{\"@type\":\"WebPage\",\"@id\":\"https:\/\/carlosmontull.com\/producto\/funky-slap-bass-groove-in-am-pdf-transcription-tabs\/\",\"url\":\"https:\/\/carlosmontull.com\/producto\/funky-slap-bass-groove-in-am-pdf-transcription-tabs\/\",\"name\":\"Funky Slap Bass Groove in Am (PDF Transcription + TABS) | Carlos Montull\",\"isPartOf\":{\"@id\":\"https:\/\/carlosmontull.com\/#website\"},\"datePublished\":\"2022-08-27T16:13:23+00:00\",\"dateModified\":\"2023-06-08T09:24:44+00:00\",\"description\":\"Tutorial de bajo de un groove con slap en A menor. Slap groove bass lesson in Am. PDF transcription + TABS\",\"breadcrumb\":{\"@id\":\"https:\/\/carlosmontull.com\/producto\/funky-slap-bass-groove-in-am-pdf-transcription-tabs\/#breadcrumb\"},\"inLanguage\":\"en-GB\",\"potentialAction\":[{\"@type\":\"ReadAction\",\"target\":[\"https:\/\/carlosmontull.com\/producto\/funky-slap-bass-groove-in-am-pdf-transcription-tabs\/\"]}]},{\"@type\":\"BreadcrumbList\",\"@id\":\"https:\/\/carlosmontull.com\/producto\/funky-slap-bass-groove-in-am-pdf-transcription-tabs\/#breadcrumb\",\"itemListElement\":[{\"@type\":\"ListItem\",\"position\":1,\"name\":\"Portada\",\"item\":\"https:\/\/carlosmontull.com\/\"},{\"@type\":\"ListItem\",\"position\":2,\"name\":\"Tienda\",\"item\":\"https:\/\/carlosmontull.com\/tienda\/\"},{\"@type\":\"ListItem\",\"position\":3,\"name\":\"Funky Slap Bass Groove in Am (PDF Transcription + TABS)\"}]},{\"@type\":\"WebSite\",\"@id\":\"https:\/\/carlosmontull.com\/#website\",\"url\":\"https:\/\/carlosmontull.com\/\",\"name\":\"Carlos Montull\",\"description\":\"Carlos Montull Website\",\"publisher\":{\"@id\":\"https:\/\/carlosmontull.com\/#\/schema\/person\/40df14684c5a6babffd5a242c9042b4f\"},\"potentialAction\":[{\"@type\":\"SearchAction\",\"target\":{\"@type\":\"EntryPoint\",\"urlTemplate\":\"https:\/\/carlosmontull.com\/?s={search_term_string}\"},\"query-input\":\"required name=search_term_string\"}],\"inLanguage\":\"en-GB\"},{\"@type\":[\"Person\",\"Organization\"],\"@id\":\"https:\/\/carlosmontull.com\/#\/schema\/person\/40df14684c5a6babffd5a242c9042b4f\",\"name\":\"carlosmontull\",\"image\":{\"@type\":\"ImageObject\",\"inLanguage\":\"en-GB\",\"@id\":\"https:\/\/carlosmontull.com\/#\/schema\/person\/image\/\",\"url\":\"https:\/\/carlosmontull.com\/wp-content\/uploads\/2018\/05\/cropped-LOGO-CARLOS-NOMBRE-SOLO-BLANCO-e1607903774408.png\",\"contentUrl\":\"https:\/\/carlosmontull.com\/wp-content\/uploads\/2018\/05\/cropped-LOGO-CARLOS-NOMBRE-SOLO-BLANCO-e1607903774408.png\",\"width\":2335,\"height\":336,\"caption\":\"carlosmontull\"},\"logo\":{\"@id\":\"https:\/\/carlosmontull.com\/#\/schema\/person\/image\/\"},\"sameAs\":[\"https:\/\/carlosmontull.com\"]}]}<\/script>\n<!-- \/ Yoast SEO plugin. -->","yoast_head_json":{"title":"Funky Slap Bass Groove in Am (PDF Transcription + TABS) | Carlos Montull","description":"Tutorial de bajo de un groove con slap en A menor. Slap groove bass lesson in Am. PDF transcription + TABS","robots":{"index":"index","follow":"follow","max-snippet":"max-snippet:-1","max-image-preview":"max-image-preview:large","max-video-preview":"max-video-preview:-1"},"canonical":"https:\/\/carlosmontull.com\/en\/product\/funky-slap-bass-groove-in-am-pdf-transcription-tabs\/","og_locale":"en_GB","og_type":"article","og_title":"Funky Slap Bass Groove in Am (PDF Transcription + TABS) | Carlos Montull","og_description":"Tutorial de bajo de un groove con slap en A menor. Slap groove bass lesson in Am. PDF transcription + TABS","og_url":"https:\/\/carlosmontull.com\/en\/product\/funky-slap-bass-groove-in-am-pdf-transcription-tabs\/","og_site_name":"Carlos Montull","article_modified_time":"2023-06-08T09:24:44+00:00","og_image":[{"width":1280,"height":720,"url":"https:\/\/carlosmontull.com\/wp-content\/uploads\/Slap-groove.png","type":"image\/png"}],"twitter_card":"summary_large_image","twitter_misc":{"Estimated reading time":"1 minute"},"schema":{"@context":"https:\/\/schema.org","@graph":[{"@type":"WebPage","@id":"https:\/\/carlosmontull.com\/producto\/funky-slap-bass-groove-in-am-pdf-transcription-tabs\/","url":"https:\/\/carlosmontull.com\/producto\/funky-slap-bass-groove-in-am-pdf-transcription-tabs\/","name":"Funky Slap Bass Groove in Am (PDF Transcription + TABS) | Carlos Montull","isPartOf":{"@id":"https:\/\/carlosmontull.com\/#website"},"datePublished":"2022-08-27T16:13:23+00:00","dateModified":"2023-06-08T09:24:44+00:00","description":"Tutorial de bajo de un groove con slap en A menor. Slap groove bass lesson in Am. PDF transcription + TABS","breadcrumb":{"@id":"https:\/\/carlosmontull.com\/producto\/funky-slap-bass-groove-in-am-pdf-transcription-tabs\/#breadcrumb"},"inLanguage":"en-GB","potentialAction":[{"@type":"ReadAction","target":["https:\/\/carlosmontull.com\/producto\/funky-slap-bass-groove-in-am-pdf-transcription-tabs\/"]}]},{"@type":"BreadcrumbList","@id":"https:\/\/carlosmontull.com\/producto\/funky-slap-bass-groove-in-am-pdf-transcription-tabs\/#breadcrumb","itemListElement":[{"@type":"ListItem","position":1,"name":"Portada","item":"https:\/\/carlosmontull.com\/"},{"@type":"ListItem","position":2,"name":"Tienda","item":"https:\/\/carlosmontull.com\/tienda\/"},{"@type":"ListItem","position":3,"name":"Funky Slap Bass Groove in Am (PDF Transcription + TABS)"}]},{"@type":"WebSite","@id":"https:\/\/carlosmontull.com\/#website","url":"https:\/\/carlosmontull.com\/","name":"Carlos Montull","description":"Carlos Montull Website","publisher":{"@id":"https:\/\/carlosmontull.com\/#\/schema\/person\/40df14684c5a6babffd5a242c9042b4f"},"potentialAction":[{"@type":"SearchAction","target":{"@type":"EntryPoint","urlTemplate":"https:\/\/carlosmontull.com\/?s={search_term_string}"},"query-input":"required name=search_term_string"}],"inLanguage":"en-GB"},{"@type":["Person","Organization"],"@id":"https:\/\/carlosmontull.com\/#\/schema\/person\/40df14684c5a6babffd5a242c9042b4f","name":"carlosmontull","image":{"@type":"ImageObject","inLanguage":"en-GB","@id":"https:\/\/carlosmontull.com\/#\/schema\/person\/image\/","url":"https:\/\/carlosmontull.com\/wp-content\/uploads\/2018\/05\/cropped-LOGO-CARLOS-NOMBRE-SOLO-BLANCO-e1607903774408.png","contentUrl":"https:\/\/carlosmontull.com\/wp-content\/uploads\/2018\/05\/cropped-LOGO-CARLOS-NOMBRE-SOLO-BLANCO-e1607903774408.png","width":2335,"height":336,"caption":"carlosmontull"},"logo":{"@id":"https:\/\/carlosmontull.com\/#\/schema\/person\/image\/"},"sameAs":["https:\/\/carlosmontull.com"]}]}},"_links":{"self":[{"href":"https:\/\/carlosmontull.com\/en\/wp-json\/wp\/v2\/product\/2808","targetHints":{"allow":["GET"]}}],"collection":[{"href":"https:\/\/carlosmontull.com\/en\/wp-json\/wp\/v2\/product"}],"about":[{"href":"https:\/\/carlosmontull.com\/en\/wp-json\/wp\/v2\/types\/product"}],"replies":[{"embeddable":true,"href":"https:\/\/carlosmontull.com\/en\/wp-json\/wp\/v2\/comments?post=2808"}],"version-history":[{"count":0,"href":"https:\/\/carlosmontull.com\/en\/wp-json\/wp\/v2\/product\/2808\/revisions"}],"wp:featuredmedia":[{"embeddable":true,"href":"https:\/\/carlosmontull.com\/en\/wp-json\/wp\/v2\/media\/2809"}],"wp:attachment":[{"href":"https:\/\/carlosmontull.com\/en\/wp-json\/wp\/v2\/media?parent=2808"}],"wp:term":[{"taxonomy":"product_brand","embeddable":true,"href":"https:\/\/carlosmontull.com\/en\/wp-json\/wp\/v2\/product_brand?post=2808"},{"taxonomy":"product_cat","embeddable":true,"href":"https:\/\/carlosmontull.com\/en\/wp-json\/wp\/v2\/product_cat?post=2808"},{"taxonomy":"product_tag","embeddable":true,"href":"https:\/\/carlosmontull.com\/en\/wp-json\/wp\/v2\/product_tag?post=2808"}],"curies":[{"name":"wp","href":"https:\/\/api.w.org\/{rel}","templated":true}]}}