{"id":2784,"date":"2021-12-30T00:58:29","date_gmt":"2021-12-29T23:58:29","guid":{"rendered":"https:\/\/carlosmontull.com\/?post_type=product&#038;p=2784"},"modified":"2021-12-30T01:04:44","modified_gmt":"2021-12-30T00:04:44","slug":"thundercat-licks-transcription-for-4-string-bass-pdf-mac-miller-npr-live","status":"publish","type":"product","link":"https:\/\/carlosmontull.com\/en\/product\/thundercat-licks-transcription-for-4-string-bass-pdf-mac-miller-npr-live\/","title":{"rendered":"Thundercat Licks Transcription (+TABS) For 4 String Bass (PDF)"},"content":{"rendered":"<p>Transcripci\u00f3n (notaci\u00f3n + Tabs) del groove y los lick del polifac\u00e9tico Thundercat tocando el tema \u00abWhat\u00b4s the use?\u00bb de Mac Miller en el NPR Tiny Desk Concert.<\/p>\n<p>Instrumento: Bajo el\u00e9ctrico<\/p>\n<p>Estilo: Groove<\/p>\n<p>Nivel: Avanzado<\/p>\n<p>Contenido: La l\u00ednea principal y los 4 licks o frases que toca.<\/p>\n<p>&nbsp;<\/p>\n<p>Video Original (5:43):<\/p>\n<p><iframe title=\"Mac Miller: NPR Music Tiny Desk Concert\" width=\"1200\" height=\"675\" src=\"https:\/\/www.youtube.com\/embed\/QrR_gm6RqCo?feature=oembed\" frameborder=\"0\" allow=\"accelerometer; autoplay; clipboard-write; encrypted-media; gyroscope; picture-in-picture\" allowfullscreen><\/iframe><\/p>\n<p>Mi V\u00eddeo:<\/p>\n<p><iframe title=\"Thundercat Bass Licks Transcription  For 4 String Bass (PDF) - Mac Miller NPR Tiny Desk Concert\" width=\"1200\" height=\"675\" src=\"https:\/\/www.youtube.com\/embed\/32e4wp46WV0?feature=oembed\" frameborder=\"0\" allow=\"accelerometer; autoplay; clipboard-write; encrypted-media; gyroscope; picture-in-picture\" allowfullscreen><\/iframe><\/p>","protected":false},"excerpt":{"rendered":"<p>Transcripci\u00f3n (notaci\u00f3n + Tabs) del groove y los lick del polifac\u00e9tico Thundercat tocando el tema What\u00b4s the use? de Mac Miller en el NPR Tiny Desk Concert.<\/p>\n<p>Instrumento: Bajo el\u00e9ctrico<\/p>\n<p>Estilo: Groove<\/p>\n<p>Nivel: Avanzado<\/p>\n<p>Contenido: La l\u00ednea principal y los 4 licks o frases que toca.<\/p>","protected":false},"featured_media":2787,"comment_status":"open","ping_status":"closed","template":"","meta":[],"product_brand":[],"product_cat":[27],"product_tag":[],"class_list":{"0":"post-2784","1":"product","2":"type-product","3":"status-publish","4":"has-post-thumbnail","6":"product_cat-partituraspdf","8":"first","9":"instock","10":"downloadable","11":"virtual","12":"taxable","13":"purchasable","14":"product-type-simple"},"yoast_head":"<!-- This site is optimized with the Yoast SEO plugin v21.0 - https:\/\/yoast.com\/wordpress\/plugins\/seo\/ -->\n<title>Thundercat Licks Transcription (+TABS) For 4 String Bass (PDF) | Carlos Montull<\/title>\n<meta name=\"description\" content=\"Thundercat Bass Licks Transcription For 4 String Bass (PDF) - Mac Miller Live at NPR Tiny Desk Concert. Pepino frases de Gatotrueno\" \/>\n<meta name=\"robots\" content=\"index, follow, max-snippet:-1, max-image-preview:large, max-video-preview:-1\" \/>\n<link rel=\"canonical\" href=\"https:\/\/carlosmontull.com\/en\/product\/thundercat-licks-transcription-for-4-string-bass-pdf-mac-miller-npr-live\/\" \/>\n<meta property=\"og:locale\" content=\"en_GB\" \/>\n<meta property=\"og:type\" content=\"article\" \/>\n<meta property=\"og:title\" content=\"Thundercat Licks Transcription (+TABS) For 4 String Bass (PDF) | Carlos Montull\" \/>\n<meta property=\"og:description\" content=\"Thundercat Bass Licks Transcription For 4 String Bass (PDF) - Mac Miller Live at NPR Tiny Desk Concert. Pepino frases de Gatotrueno\" \/>\n<meta property=\"og:url\" content=\"https:\/\/carlosmontull.com\/en\/product\/thundercat-licks-transcription-for-4-string-bass-pdf-mac-miller-npr-live\/\" \/>\n<meta property=\"og:site_name\" content=\"Carlos Montull\" \/>\n<meta property=\"article:modified_time\" content=\"2021-12-30T00:04:44+00:00\" \/>\n<meta property=\"og:image\" content=\"https:\/\/carlosmontull.com\/wp-content\/uploads\/thunderctalicks.png\" \/>\n\t<meta property=\"og:image:width\" content=\"1280\" \/>\n\t<meta property=\"og:image:height\" content=\"720\" \/>\n\t<meta property=\"og:image:type\" content=\"image\/png\" \/>\n<meta name=\"twitter:card\" content=\"summary_large_image\" \/>\n<meta name=\"twitter:label1\" content=\"Estimated reading time\" \/>\n\t<meta name=\"twitter:data1\" content=\"1 minute\" \/>\n<script type=\"application\/ld+json\" class=\"yoast-schema-graph\">{\"@context\":\"https:\/\/schema.org\",\"@graph\":[{\"@type\":\"WebPage\",\"@id\":\"https:\/\/carlosmontull.com\/producto\/thundercat-licks-transcription-for-4-string-bass-pdf-mac-miller-npr-live\/\",\"url\":\"https:\/\/carlosmontull.com\/producto\/thundercat-licks-transcription-for-4-string-bass-pdf-mac-miller-npr-live\/\",\"name\":\"Thundercat Licks Transcription (+TABS) For 4 String Bass (PDF) | Carlos Montull\",\"isPartOf\":{\"@id\":\"https:\/\/carlosmontull.com\/#website\"},\"datePublished\":\"2021-12-29T23:58:29+00:00\",\"dateModified\":\"2021-12-30T00:04:44+00:00\",\"description\":\"Thundercat Bass Licks Transcription For 4 String Bass (PDF) - Mac Miller Live at NPR Tiny Desk Concert. Pepino frases de Gatotrueno\",\"breadcrumb\":{\"@id\":\"https:\/\/carlosmontull.com\/producto\/thundercat-licks-transcription-for-4-string-bass-pdf-mac-miller-npr-live\/#breadcrumb\"},\"inLanguage\":\"en-GB\",\"potentialAction\":[{\"@type\":\"ReadAction\",\"target\":[\"https:\/\/carlosmontull.com\/producto\/thundercat-licks-transcription-for-4-string-bass-pdf-mac-miller-npr-live\/\"]}]},{\"@type\":\"BreadcrumbList\",\"@id\":\"https:\/\/carlosmontull.com\/producto\/thundercat-licks-transcription-for-4-string-bass-pdf-mac-miller-npr-live\/#breadcrumb\",\"itemListElement\":[{\"@type\":\"ListItem\",\"position\":1,\"name\":\"Portada\",\"item\":\"https:\/\/carlosmontull.com\/\"},{\"@type\":\"ListItem\",\"position\":2,\"name\":\"Tienda\",\"item\":\"https:\/\/carlosmontull.com\/tienda\/\"},{\"@type\":\"ListItem\",\"position\":3,\"name\":\"Thundercat Licks Transcription (+TABS) For 4 String Bass (PDF)\"}]},{\"@type\":\"WebSite\",\"@id\":\"https:\/\/carlosmontull.com\/#website\",\"url\":\"https:\/\/carlosmontull.com\/\",\"name\":\"Carlos Montull\",\"description\":\"Carlos Montull Website\",\"publisher\":{\"@id\":\"https:\/\/carlosmontull.com\/#\/schema\/person\/40df14684c5a6babffd5a242c9042b4f\"},\"potentialAction\":[{\"@type\":\"SearchAction\",\"target\":{\"@type\":\"EntryPoint\",\"urlTemplate\":\"https:\/\/carlosmontull.com\/?s={search_term_string}\"},\"query-input\":\"required name=search_term_string\"}],\"inLanguage\":\"en-GB\"},{\"@type\":[\"Person\",\"Organization\"],\"@id\":\"https:\/\/carlosmontull.com\/#\/schema\/person\/40df14684c5a6babffd5a242c9042b4f\",\"name\":\"carlosmontull\",\"image\":{\"@type\":\"ImageObject\",\"inLanguage\":\"en-GB\",\"@id\":\"https:\/\/carlosmontull.com\/#\/schema\/person\/image\/\",\"url\":\"https:\/\/carlosmontull.com\/wp-content\/uploads\/2018\/05\/cropped-LOGO-CARLOS-NOMBRE-SOLO-BLANCO-e1607903774408.png\",\"contentUrl\":\"https:\/\/carlosmontull.com\/wp-content\/uploads\/2018\/05\/cropped-LOGO-CARLOS-NOMBRE-SOLO-BLANCO-e1607903774408.png\",\"width\":2335,\"height\":336,\"caption\":\"carlosmontull\"},\"logo\":{\"@id\":\"https:\/\/carlosmontull.com\/#\/schema\/person\/image\/\"},\"sameAs\":[\"https:\/\/carlosmontull.com\"]}]}<\/script>\n<!-- \/ Yoast SEO plugin. -->","yoast_head_json":{"title":"Thundercat Licks Transcription (+TABS) For 4 String Bass (PDF) | Carlos Montull","description":"Thundercat Bass Licks Transcription For 4 String Bass (PDF) - Mac Miller Live at NPR Tiny Desk Concert. Pepino frases de Gatotrueno","robots":{"index":"index","follow":"follow","max-snippet":"max-snippet:-1","max-image-preview":"max-image-preview:large","max-video-preview":"max-video-preview:-1"},"canonical":"https:\/\/carlosmontull.com\/en\/product\/thundercat-licks-transcription-for-4-string-bass-pdf-mac-miller-npr-live\/","og_locale":"en_GB","og_type":"article","og_title":"Thundercat Licks Transcription (+TABS) For 4 String Bass (PDF) | Carlos Montull","og_description":"Thundercat Bass Licks Transcription For 4 String Bass (PDF) - Mac Miller Live at NPR Tiny Desk Concert. Pepino frases de Gatotrueno","og_url":"https:\/\/carlosmontull.com\/en\/product\/thundercat-licks-transcription-for-4-string-bass-pdf-mac-miller-npr-live\/","og_site_name":"Carlos Montull","article_modified_time":"2021-12-30T00:04:44+00:00","og_image":[{"width":1280,"height":720,"url":"https:\/\/carlosmontull.com\/wp-content\/uploads\/thunderctalicks.png","type":"image\/png"}],"twitter_card":"summary_large_image","twitter_misc":{"Estimated reading time":"1 minute"},"schema":{"@context":"https:\/\/schema.org","@graph":[{"@type":"WebPage","@id":"https:\/\/carlosmontull.com\/producto\/thundercat-licks-transcription-for-4-string-bass-pdf-mac-miller-npr-live\/","url":"https:\/\/carlosmontull.com\/producto\/thundercat-licks-transcription-for-4-string-bass-pdf-mac-miller-npr-live\/","name":"Thundercat Licks Transcription (+TABS) For 4 String Bass (PDF) | Carlos Montull","isPartOf":{"@id":"https:\/\/carlosmontull.com\/#website"},"datePublished":"2021-12-29T23:58:29+00:00","dateModified":"2021-12-30T00:04:44+00:00","description":"Thundercat Bass Licks Transcription For 4 String Bass (PDF) - Mac Miller Live at NPR Tiny Desk Concert. Pepino frases de Gatotrueno","breadcrumb":{"@id":"https:\/\/carlosmontull.com\/producto\/thundercat-licks-transcription-for-4-string-bass-pdf-mac-miller-npr-live\/#breadcrumb"},"inLanguage":"en-GB","potentialAction":[{"@type":"ReadAction","target":["https:\/\/carlosmontull.com\/producto\/thundercat-licks-transcription-for-4-string-bass-pdf-mac-miller-npr-live\/"]}]},{"@type":"BreadcrumbList","@id":"https:\/\/carlosmontull.com\/producto\/thundercat-licks-transcription-for-4-string-bass-pdf-mac-miller-npr-live\/#breadcrumb","itemListElement":[{"@type":"ListItem","position":1,"name":"Portada","item":"https:\/\/carlosmontull.com\/"},{"@type":"ListItem","position":2,"name":"Tienda","item":"https:\/\/carlosmontull.com\/tienda\/"},{"@type":"ListItem","position":3,"name":"Thundercat Licks Transcription (+TABS) For 4 String Bass (PDF)"}]},{"@type":"WebSite","@id":"https:\/\/carlosmontull.com\/#website","url":"https:\/\/carlosmontull.com\/","name":"Carlos Montull","description":"Carlos Montull Website","publisher":{"@id":"https:\/\/carlosmontull.com\/#\/schema\/person\/40df14684c5a6babffd5a242c9042b4f"},"potentialAction":[{"@type":"SearchAction","target":{"@type":"EntryPoint","urlTemplate":"https:\/\/carlosmontull.com\/?s={search_term_string}"},"query-input":"required name=search_term_string"}],"inLanguage":"en-GB"},{"@type":["Person","Organization"],"@id":"https:\/\/carlosmontull.com\/#\/schema\/person\/40df14684c5a6babffd5a242c9042b4f","name":"carlosmontull","image":{"@type":"ImageObject","inLanguage":"en-GB","@id":"https:\/\/carlosmontull.com\/#\/schema\/person\/image\/","url":"https:\/\/carlosmontull.com\/wp-content\/uploads\/2018\/05\/cropped-LOGO-CARLOS-NOMBRE-SOLO-BLANCO-e1607903774408.png","contentUrl":"https:\/\/carlosmontull.com\/wp-content\/uploads\/2018\/05\/cropped-LOGO-CARLOS-NOMBRE-SOLO-BLANCO-e1607903774408.png","width":2335,"height":336,"caption":"carlosmontull"},"logo":{"@id":"https:\/\/carlosmontull.com\/#\/schema\/person\/image\/"},"sameAs":["https:\/\/carlosmontull.com"]}]}},"_links":{"self":[{"href":"https:\/\/carlosmontull.com\/en\/wp-json\/wp\/v2\/product\/2784","targetHints":{"allow":["GET"]}}],"collection":[{"href":"https:\/\/carlosmontull.com\/en\/wp-json\/wp\/v2\/product"}],"about":[{"href":"https:\/\/carlosmontull.com\/en\/wp-json\/wp\/v2\/types\/product"}],"replies":[{"embeddable":true,"href":"https:\/\/carlosmontull.com\/en\/wp-json\/wp\/v2\/comments?post=2784"}],"version-history":[{"count":0,"href":"https:\/\/carlosmontull.com\/en\/wp-json\/wp\/v2\/product\/2784\/revisions"}],"wp:featuredmedia":[{"embeddable":true,"href":"https:\/\/carlosmontull.com\/en\/wp-json\/wp\/v2\/media\/2787"}],"wp:attachment":[{"href":"https:\/\/carlosmontull.com\/en\/wp-json\/wp\/v2\/media?parent=2784"}],"wp:term":[{"taxonomy":"product_brand","embeddable":true,"href":"https:\/\/carlosmontull.com\/en\/wp-json\/wp\/v2\/product_brand?post=2784"},{"taxonomy":"product_cat","embeddable":true,"href":"https:\/\/carlosmontull.com\/en\/wp-json\/wp\/v2\/product_cat?post=2784"},{"taxonomy":"product_tag","embeddable":true,"href":"https:\/\/carlosmontull.com\/en\/wp-json\/wp\/v2\/product_tag?post=2784"}],"curies":[{"name":"wp","href":"https:\/\/api.w.org\/{rel}","templated":true}]}}