{"id":2739,"date":"2021-12-29T03:43:27","date_gmt":"2021-12-29T02:43:27","guid":{"rendered":"https:\/\/carlosmontull.com\/?post_type=product&#038;p=2739"},"modified":"2024-02-24T11:43:20","modified_gmt":"2024-02-24T10:43:20","slug":"bb-blues-bass-transcription-free-pdf","status":"publish","type":"product","link":"https:\/\/carlosmontull.com\/en\/product\/bb-blues-bass-transcription-free-pdf\/","title":{"rendered":"Bb Blues Bass Line (Ameen Saleem) &#8211; Free PDF"},"content":{"rendered":"<p>Fantastic bass line played by the one and only Ameen Saleem\u00a0 with the Roy Hargrove Quintet (live in Rome)<\/p>\n<p>Transcripci\u00f3n de esta fant\u00e1stica l\u00ednea de bajo de Ameen Saleem con el Roy Hargrove Quintet (live in Rome)<\/p>\n<p>Instrumento: Contrabajo<\/p>\n<p>Estilo: Swing<\/p>\n<p>Nivel: Intermedio-alto<\/p>\n<p>Duraci\u00f3n: 2 coros (1 p\u00e1g)<\/p>\n<p>&nbsp;<\/p>\n<p>V\u00eddeo original (min. 2.40):<\/p>\n<p><iframe title=\"&quot;Roy Hargrove Quintet&quot;\" width=\"1200\" height=\"675\" src=\"https:\/\/www.youtube.com\/embed\/CI4ZdKo-bSs?start=602&#038;feature=oembed\" frameborder=\"0\" allow=\"accelerometer; autoplay; clipboard-write; encrypted-media; gyroscope; picture-in-picture; web-share\" allowfullscreen><\/iframe><\/p>\n<p>Mi video:<\/p>\n<p><iframe title=\"Bb Blues Bass Line - A. Saleem [Free PDF Transcription] - Available to download: carlosmontull.com\" width=\"1200\" height=\"675\" src=\"https:\/\/www.youtube.com\/embed\/Ymhg9CAFchc?feature=oembed\" frameborder=\"0\" allow=\"accelerometer; autoplay; clipboard-write; encrypted-media; gyroscope; picture-in-picture; web-share\" allowfullscreen><\/iframe><\/p>","protected":false},"excerpt":{"rendered":"<p>Fantastic bass line played by the one and only Ameen Saleem\u00a0 with the Roy Hargrove Quintet (live in Rome)<\/p>\n<p>Transcripci\u00f3n de esta fant\u00e1stica l\u00ednea de bajo de Ameen Saleem con el Roy Hargrove Quintet (live in Rome)<\/p>\n<p>Instrumento: Contrabajo<\/p>\n<p>Estilo: Swing<\/p>\n<p>Nivel: Intermedio-alto<\/p>\n<p>Duraci\u00f3n: 2 coros (1 p\u00e1g)<\/p>\n<p>&nbsp;<\/p>","protected":false},"featured_media":2741,"comment_status":"open","ping_status":"closed","template":"","meta":[],"product_brand":[],"product_cat":[27],"product_tag":[44,45,43,30],"class_list":{"0":"post-2739","1":"product","2":"type-product","3":"status-publish","4":"has-post-thumbnail","6":"product_cat-partituraspdf","7":"product_tag-bassline","8":"product_tag-blues","9":"product_tag-free-pdf","10":"product_tag-transcription","12":"first","13":"instock","14":"downloadable","15":"virtual","16":"taxable","17":"purchasable","18":"product-type-simple"},"yoast_head":"<!-- This site is optimized with the Yoast SEO plugin v21.0 - https:\/\/yoast.com\/wordpress\/plugins\/seo\/ -->\n<title>Bb Blues Bass Line (Ameen Saleem) - Free PDF | Carlos Montull<\/title>\n<meta name=\"description\" content=\"Free PDF Transcription - Bb Blues bass line by Ameen Saleem\u00a0 with the Roy Hargrove Quintet (live in Rome)\u00a0- Carlos Montull\" \/>\n<meta name=\"robots\" content=\"index, follow, max-snippet:-1, max-image-preview:large, max-video-preview:-1\" \/>\n<link rel=\"canonical\" href=\"https:\/\/carlosmontull.com\/en\/product\/bb-blues-bass-transcription-free-pdf\/\" \/>\n<meta property=\"og:locale\" content=\"en_GB\" \/>\n<meta property=\"og:type\" content=\"article\" \/>\n<meta property=\"og:title\" content=\"Bb Blues Bass Line (Ameen Saleem) - Free PDF | Carlos Montull\" \/>\n<meta property=\"og:description\" content=\"Free PDF Transcription - Bb Blues bass line by Ameen Saleem\u00a0 with the Roy Hargrove Quintet (live in Rome)\u00a0- Carlos Montull\" \/>\n<meta property=\"og:url\" content=\"https:\/\/carlosmontull.com\/en\/product\/bb-blues-bass-transcription-free-pdf\/\" \/>\n<meta property=\"og:site_name\" content=\"Carlos Montull\" \/>\n<meta property=\"article:modified_time\" content=\"2024-02-24T10:43:20+00:00\" \/>\n<meta property=\"og:image\" content=\"https:\/\/carlosmontull.com\/wp-content\/uploads\/Blues-Ameen.png\" \/>\n\t<meta property=\"og:image:width\" content=\"1280\" \/>\n\t<meta property=\"og:image:height\" content=\"720\" \/>\n\t<meta property=\"og:image:type\" content=\"image\/png\" \/>\n<meta name=\"twitter:card\" content=\"summary_large_image\" \/>\n<meta name=\"twitter:label1\" content=\"Estimated reading time\" \/>\n\t<meta name=\"twitter:data1\" content=\"1 minute\" \/>\n<script type=\"application\/ld+json\" class=\"yoast-schema-graph\">{\"@context\":\"https:\/\/schema.org\",\"@graph\":[{\"@type\":\"WebPage\",\"@id\":\"https:\/\/carlosmontull.com\/producto\/bb-blues-bass-transcription-free-pdf\/\",\"url\":\"https:\/\/carlosmontull.com\/producto\/bb-blues-bass-transcription-free-pdf\/\",\"name\":\"Bb Blues Bass Line (Ameen Saleem) - Free PDF | Carlos Montull\",\"isPartOf\":{\"@id\":\"https:\/\/carlosmontull.com\/#website\"},\"datePublished\":\"2021-12-29T02:43:27+00:00\",\"dateModified\":\"2024-02-24T10:43:20+00:00\",\"description\":\"Free PDF Transcription - Bb Blues bass line by Ameen Saleem\u00a0 with the Roy Hargrove Quintet (live in Rome)\u00a0- Carlos Montull\",\"breadcrumb\":{\"@id\":\"https:\/\/carlosmontull.com\/producto\/bb-blues-bass-transcription-free-pdf\/#breadcrumb\"},\"inLanguage\":\"en-GB\",\"potentialAction\":[{\"@type\":\"ReadAction\",\"target\":[\"https:\/\/carlosmontull.com\/producto\/bb-blues-bass-transcription-free-pdf\/\"]}]},{\"@type\":\"BreadcrumbList\",\"@id\":\"https:\/\/carlosmontull.com\/producto\/bb-blues-bass-transcription-free-pdf\/#breadcrumb\",\"itemListElement\":[{\"@type\":\"ListItem\",\"position\":1,\"name\":\"Portada\",\"item\":\"https:\/\/carlosmontull.com\/\"},{\"@type\":\"ListItem\",\"position\":2,\"name\":\"Tienda\",\"item\":\"https:\/\/carlosmontull.com\/tienda\/\"},{\"@type\":\"ListItem\",\"position\":3,\"name\":\"Bb Blues Bass Line (Ameen Saleem) &#8211; Free PDF\"}]},{\"@type\":\"WebSite\",\"@id\":\"https:\/\/carlosmontull.com\/#website\",\"url\":\"https:\/\/carlosmontull.com\/\",\"name\":\"Carlos Montull\",\"description\":\"Carlos Montull Website\",\"publisher\":{\"@id\":\"https:\/\/carlosmontull.com\/#\/schema\/person\/40df14684c5a6babffd5a242c9042b4f\"},\"potentialAction\":[{\"@type\":\"SearchAction\",\"target\":{\"@type\":\"EntryPoint\",\"urlTemplate\":\"https:\/\/carlosmontull.com\/?s={search_term_string}\"},\"query-input\":\"required name=search_term_string\"}],\"inLanguage\":\"en-GB\"},{\"@type\":[\"Person\",\"Organization\"],\"@id\":\"https:\/\/carlosmontull.com\/#\/schema\/person\/40df14684c5a6babffd5a242c9042b4f\",\"name\":\"carlosmontull\",\"image\":{\"@type\":\"ImageObject\",\"inLanguage\":\"en-GB\",\"@id\":\"https:\/\/carlosmontull.com\/#\/schema\/person\/image\/\",\"url\":\"https:\/\/carlosmontull.com\/wp-content\/uploads\/2018\/05\/cropped-LOGO-CARLOS-NOMBRE-SOLO-BLANCO-e1607903774408.png\",\"contentUrl\":\"https:\/\/carlosmontull.com\/wp-content\/uploads\/2018\/05\/cropped-LOGO-CARLOS-NOMBRE-SOLO-BLANCO-e1607903774408.png\",\"width\":2335,\"height\":336,\"caption\":\"carlosmontull\"},\"logo\":{\"@id\":\"https:\/\/carlosmontull.com\/#\/schema\/person\/image\/\"},\"sameAs\":[\"https:\/\/carlosmontull.com\"]}]}<\/script>\n<!-- \/ Yoast SEO plugin. -->","yoast_head_json":{"title":"Bb Blues Bass Line (Ameen Saleem) - Free PDF | Carlos Montull","description":"Free PDF Transcription - Bb Blues bass line by Ameen Saleem\u00a0 with the Roy Hargrove Quintet (live in Rome)\u00a0- Carlos Montull","robots":{"index":"index","follow":"follow","max-snippet":"max-snippet:-1","max-image-preview":"max-image-preview:large","max-video-preview":"max-video-preview:-1"},"canonical":"https:\/\/carlosmontull.com\/en\/product\/bb-blues-bass-transcription-free-pdf\/","og_locale":"en_GB","og_type":"article","og_title":"Bb Blues Bass Line (Ameen Saleem) - Free PDF | Carlos Montull","og_description":"Free PDF Transcription - Bb Blues bass line by Ameen Saleem\u00a0 with the Roy Hargrove Quintet (live in Rome)\u00a0- Carlos Montull","og_url":"https:\/\/carlosmontull.com\/en\/product\/bb-blues-bass-transcription-free-pdf\/","og_site_name":"Carlos Montull","article_modified_time":"2024-02-24T10:43:20+00:00","og_image":[{"width":1280,"height":720,"url":"https:\/\/carlosmontull.com\/wp-content\/uploads\/Blues-Ameen.png","type":"image\/png"}],"twitter_card":"summary_large_image","twitter_misc":{"Estimated reading time":"1 minute"},"schema":{"@context":"https:\/\/schema.org","@graph":[{"@type":"WebPage","@id":"https:\/\/carlosmontull.com\/producto\/bb-blues-bass-transcription-free-pdf\/","url":"https:\/\/carlosmontull.com\/producto\/bb-blues-bass-transcription-free-pdf\/","name":"Bb Blues Bass Line (Ameen Saleem) - Free PDF | Carlos Montull","isPartOf":{"@id":"https:\/\/carlosmontull.com\/#website"},"datePublished":"2021-12-29T02:43:27+00:00","dateModified":"2024-02-24T10:43:20+00:00","description":"Free PDF Transcription - Bb Blues bass line by Ameen Saleem\u00a0 with the Roy Hargrove Quintet (live in Rome)\u00a0- Carlos Montull","breadcrumb":{"@id":"https:\/\/carlosmontull.com\/producto\/bb-blues-bass-transcription-free-pdf\/#breadcrumb"},"inLanguage":"en-GB","potentialAction":[{"@type":"ReadAction","target":["https:\/\/carlosmontull.com\/producto\/bb-blues-bass-transcription-free-pdf\/"]}]},{"@type":"BreadcrumbList","@id":"https:\/\/carlosmontull.com\/producto\/bb-blues-bass-transcription-free-pdf\/#breadcrumb","itemListElement":[{"@type":"ListItem","position":1,"name":"Portada","item":"https:\/\/carlosmontull.com\/"},{"@type":"ListItem","position":2,"name":"Tienda","item":"https:\/\/carlosmontull.com\/tienda\/"},{"@type":"ListItem","position":3,"name":"Bb Blues Bass Line (Ameen Saleem) &#8211; Free PDF"}]},{"@type":"WebSite","@id":"https:\/\/carlosmontull.com\/#website","url":"https:\/\/carlosmontull.com\/","name":"Carlos Montull","description":"Carlos Montull Website","publisher":{"@id":"https:\/\/carlosmontull.com\/#\/schema\/person\/40df14684c5a6babffd5a242c9042b4f"},"potentialAction":[{"@type":"SearchAction","target":{"@type":"EntryPoint","urlTemplate":"https:\/\/carlosmontull.com\/?s={search_term_string}"},"query-input":"required name=search_term_string"}],"inLanguage":"en-GB"},{"@type":["Person","Organization"],"@id":"https:\/\/carlosmontull.com\/#\/schema\/person\/40df14684c5a6babffd5a242c9042b4f","name":"carlosmontull","image":{"@type":"ImageObject","inLanguage":"en-GB","@id":"https:\/\/carlosmontull.com\/#\/schema\/person\/image\/","url":"https:\/\/carlosmontull.com\/wp-content\/uploads\/2018\/05\/cropped-LOGO-CARLOS-NOMBRE-SOLO-BLANCO-e1607903774408.png","contentUrl":"https:\/\/carlosmontull.com\/wp-content\/uploads\/2018\/05\/cropped-LOGO-CARLOS-NOMBRE-SOLO-BLANCO-e1607903774408.png","width":2335,"height":336,"caption":"carlosmontull"},"logo":{"@id":"https:\/\/carlosmontull.com\/#\/schema\/person\/image\/"},"sameAs":["https:\/\/carlosmontull.com"]}]}},"_links":{"self":[{"href":"https:\/\/carlosmontull.com\/en\/wp-json\/wp\/v2\/product\/2739","targetHints":{"allow":["GET"]}}],"collection":[{"href":"https:\/\/carlosmontull.com\/en\/wp-json\/wp\/v2\/product"}],"about":[{"href":"https:\/\/carlosmontull.com\/en\/wp-json\/wp\/v2\/types\/product"}],"replies":[{"embeddable":true,"href":"https:\/\/carlosmontull.com\/en\/wp-json\/wp\/v2\/comments?post=2739"}],"version-history":[{"count":0,"href":"https:\/\/carlosmontull.com\/en\/wp-json\/wp\/v2\/product\/2739\/revisions"}],"wp:featuredmedia":[{"embeddable":true,"href":"https:\/\/carlosmontull.com\/en\/wp-json\/wp\/v2\/media\/2741"}],"wp:attachment":[{"href":"https:\/\/carlosmontull.com\/en\/wp-json\/wp\/v2\/media?parent=2739"}],"wp:term":[{"taxonomy":"product_brand","embeddable":true,"href":"https:\/\/carlosmontull.com\/en\/wp-json\/wp\/v2\/product_brand?post=2739"},{"taxonomy":"product_cat","embeddable":true,"href":"https:\/\/carlosmontull.com\/en\/wp-json\/wp\/v2\/product_cat?post=2739"},{"taxonomy":"product_tag","embeddable":true,"href":"https:\/\/carlosmontull.com\/en\/wp-json\/wp\/v2\/product_tag?post=2739"}],"curies":[{"name":"wp","href":"https:\/\/api.w.org\/{rel}","templated":true}]}}