{"id":2313,"date":"2021-06-09T18:22:46","date_gmt":"2021-06-09T16:22:46","guid":{"rendered":"https:\/\/carlosmontull.com\/?post_type=product&#038;p=2313"},"modified":"2021-07-03T16:44:35","modified_gmt":"2021-07-03T14:44:35","slug":"clases-online-de-bajo-electrico","status":"publish","type":"product","link":"https:\/\/carlosmontull.com\/en\/product\/clases-online-de-bajo-electrico\/","title":{"rendered":"Pack de 12 clases online"},"content":{"rendered":"","protected":false},"excerpt":{"rendered":"<p>Pack de 12 clases online de 60 minutos cada una. Me pondr\u00e9 en contacto contigo para concretar las fechas que m\u00e1s te convengan. Para m\u00e1s informaci\u00f3n consulta el apartado de clases online.<\/p>","protected":false},"featured_media":2118,"comment_status":"open","ping_status":"closed","template":"","meta":[],"product_brand":[],"product_cat":[41],"product_tag":[],"class_list":{"0":"post-2313","1":"product","2":"type-product","3":"status-publish","4":"has-post-thumbnail","6":"product_cat-clases-online","8":"first","9":"instock","10":"virtual","11":"taxable","12":"purchasable","13":"product-type-simple"},"yoast_head":"<!-- This site is optimized with the Yoast SEO plugin v21.0 - https:\/\/yoast.com\/wordpress\/plugins\/seo\/ -->\n<title>Pack de 12 clases online | Carlos Montull<\/title>\n<meta name=\"description\" content=\"Clases online de bajo el\u00e9ctrico de todos los niveles, Profesor titulado superior, Audio y video de alta calidad y grabaci\u00f3n de la clase.\" \/>\n<meta name=\"robots\" content=\"index, follow, max-snippet:-1, max-image-preview:large, max-video-preview:-1\" \/>\n<link rel=\"canonical\" href=\"https:\/\/carlosmontull.com\/en\/product\/clases-online-de-bajo-electrico\/\" \/>\n<meta property=\"og:locale\" content=\"en_GB\" \/>\n<meta property=\"og:type\" content=\"article\" \/>\n<meta property=\"og:title\" content=\"Pack de 12 clases online | Carlos Montull\" \/>\n<meta property=\"og:description\" content=\"Clases online de bajo el\u00e9ctrico de todos los niveles, Profesor titulado superior, Audio y video de alta calidad y grabaci\u00f3n de la clase.\" \/>\n<meta property=\"og:url\" content=\"https:\/\/carlosmontull.com\/en\/product\/clases-online-de-bajo-electrico\/\" \/>\n<meta property=\"og:site_name\" content=\"Carlos Montull\" \/>\n<meta property=\"article:modified_time\" content=\"2021-07-03T14:44:35+00:00\" \/>\n<meta property=\"og:image\" content=\"https:\/\/carlosmontull.com\/wp-content\/uploads\/c059deb7-70eb-4761-9e57-03d27ce6442b-e1618761909934.jpg\" \/>\n\t<meta property=\"og:image:width\" content=\"1930\" \/>\n\t<meta property=\"og:image:height\" content=\"1200\" \/>\n\t<meta property=\"og:image:type\" content=\"image\/jpeg\" \/>\n<meta name=\"twitter:card\" content=\"summary_large_image\" \/>\n<script type=\"application\/ld+json\" class=\"yoast-schema-graph\">{\"@context\":\"https:\/\/schema.org\",\"@graph\":[{\"@type\":\"WebPage\",\"@id\":\"https:\/\/carlosmontull.com\/producto\/clases-online-de-bajo-electrico\/\",\"url\":\"https:\/\/carlosmontull.com\/producto\/clases-online-de-bajo-electrico\/\",\"name\":\"Pack de 12 clases online | Carlos Montull\",\"isPartOf\":{\"@id\":\"https:\/\/carlosmontull.com\/#website\"},\"datePublished\":\"2021-06-09T16:22:46+00:00\",\"dateModified\":\"2021-07-03T14:44:35+00:00\",\"description\":\"Clases online de bajo el\u00e9ctrico de todos los niveles, Profesor titulado superior, Audio y video de alta calidad y grabaci\u00f3n de la clase.\",\"breadcrumb\":{\"@id\":\"https:\/\/carlosmontull.com\/producto\/clases-online-de-bajo-electrico\/#breadcrumb\"},\"inLanguage\":\"en-GB\",\"potentialAction\":[{\"@type\":\"ReadAction\",\"target\":[\"https:\/\/carlosmontull.com\/producto\/clases-online-de-bajo-electrico\/\"]}]},{\"@type\":\"BreadcrumbList\",\"@id\":\"https:\/\/carlosmontull.com\/producto\/clases-online-de-bajo-electrico\/#breadcrumb\",\"itemListElement\":[{\"@type\":\"ListItem\",\"position\":1,\"name\":\"Portada\",\"item\":\"https:\/\/carlosmontull.com\/\"},{\"@type\":\"ListItem\",\"position\":2,\"name\":\"Tienda\",\"item\":\"https:\/\/carlosmontull.com\/tienda\/\"},{\"@type\":\"ListItem\",\"position\":3,\"name\":\"Pack de 12 clases online\"}]},{\"@type\":\"WebSite\",\"@id\":\"https:\/\/carlosmontull.com\/#website\",\"url\":\"https:\/\/carlosmontull.com\/\",\"name\":\"Carlos Montull\",\"description\":\"Carlos Montull Website\",\"publisher\":{\"@id\":\"https:\/\/carlosmontull.com\/#\/schema\/person\/40df14684c5a6babffd5a242c9042b4f\"},\"potentialAction\":[{\"@type\":\"SearchAction\",\"target\":{\"@type\":\"EntryPoint\",\"urlTemplate\":\"https:\/\/carlosmontull.com\/?s={search_term_string}\"},\"query-input\":\"required name=search_term_string\"}],\"inLanguage\":\"en-GB\"},{\"@type\":[\"Person\",\"Organization\"],\"@id\":\"https:\/\/carlosmontull.com\/#\/schema\/person\/40df14684c5a6babffd5a242c9042b4f\",\"name\":\"carlosmontull\",\"image\":{\"@type\":\"ImageObject\",\"inLanguage\":\"en-GB\",\"@id\":\"https:\/\/carlosmontull.com\/#\/schema\/person\/image\/\",\"url\":\"https:\/\/carlosmontull.com\/wp-content\/uploads\/2018\/05\/cropped-LOGO-CARLOS-NOMBRE-SOLO-BLANCO-e1607903774408.png\",\"contentUrl\":\"https:\/\/carlosmontull.com\/wp-content\/uploads\/2018\/05\/cropped-LOGO-CARLOS-NOMBRE-SOLO-BLANCO-e1607903774408.png\",\"width\":2335,\"height\":336,\"caption\":\"carlosmontull\"},\"logo\":{\"@id\":\"https:\/\/carlosmontull.com\/#\/schema\/person\/image\/\"},\"sameAs\":[\"https:\/\/carlosmontull.com\"]}]}<\/script>\n<!-- \/ Yoast SEO plugin. -->","yoast_head_json":{"title":"Pack de 12 clases online | Carlos Montull","description":"Clases online de bajo el\u00e9ctrico de todos los niveles, Profesor titulado superior, Audio y video de alta calidad y grabaci\u00f3n de la clase.","robots":{"index":"index","follow":"follow","max-snippet":"max-snippet:-1","max-image-preview":"max-image-preview:large","max-video-preview":"max-video-preview:-1"},"canonical":"https:\/\/carlosmontull.com\/en\/product\/clases-online-de-bajo-electrico\/","og_locale":"en_GB","og_type":"article","og_title":"Pack de 12 clases online | Carlos Montull","og_description":"Clases online de bajo el\u00e9ctrico de todos los niveles, Profesor titulado superior, Audio y video de alta calidad y grabaci\u00f3n de la clase.","og_url":"https:\/\/carlosmontull.com\/en\/product\/clases-online-de-bajo-electrico\/","og_site_name":"Carlos Montull","article_modified_time":"2021-07-03T14:44:35+00:00","og_image":[{"width":1930,"height":1200,"url":"https:\/\/carlosmontull.com\/wp-content\/uploads\/c059deb7-70eb-4761-9e57-03d27ce6442b-e1618761909934.jpg","type":"image\/jpeg"}],"twitter_card":"summary_large_image","schema":{"@context":"https:\/\/schema.org","@graph":[{"@type":"WebPage","@id":"https:\/\/carlosmontull.com\/producto\/clases-online-de-bajo-electrico\/","url":"https:\/\/carlosmontull.com\/producto\/clases-online-de-bajo-electrico\/","name":"Pack de 12 clases online | Carlos Montull","isPartOf":{"@id":"https:\/\/carlosmontull.com\/#website"},"datePublished":"2021-06-09T16:22:46+00:00","dateModified":"2021-07-03T14:44:35+00:00","description":"Clases online de bajo el\u00e9ctrico de todos los niveles, Profesor titulado superior, Audio y video de alta calidad y grabaci\u00f3n de la clase.","breadcrumb":{"@id":"https:\/\/carlosmontull.com\/producto\/clases-online-de-bajo-electrico\/#breadcrumb"},"inLanguage":"en-GB","potentialAction":[{"@type":"ReadAction","target":["https:\/\/carlosmontull.com\/producto\/clases-online-de-bajo-electrico\/"]}]},{"@type":"BreadcrumbList","@id":"https:\/\/carlosmontull.com\/producto\/clases-online-de-bajo-electrico\/#breadcrumb","itemListElement":[{"@type":"ListItem","position":1,"name":"Portada","item":"https:\/\/carlosmontull.com\/"},{"@type":"ListItem","position":2,"name":"Tienda","item":"https:\/\/carlosmontull.com\/tienda\/"},{"@type":"ListItem","position":3,"name":"Pack de 12 clases online"}]},{"@type":"WebSite","@id":"https:\/\/carlosmontull.com\/#website","url":"https:\/\/carlosmontull.com\/","name":"Carlos Montull","description":"Carlos Montull Website","publisher":{"@id":"https:\/\/carlosmontull.com\/#\/schema\/person\/40df14684c5a6babffd5a242c9042b4f"},"potentialAction":[{"@type":"SearchAction","target":{"@type":"EntryPoint","urlTemplate":"https:\/\/carlosmontull.com\/?s={search_term_string}"},"query-input":"required name=search_term_string"}],"inLanguage":"en-GB"},{"@type":["Person","Organization"],"@id":"https:\/\/carlosmontull.com\/#\/schema\/person\/40df14684c5a6babffd5a242c9042b4f","name":"carlosmontull","image":{"@type":"ImageObject","inLanguage":"en-GB","@id":"https:\/\/carlosmontull.com\/#\/schema\/person\/image\/","url":"https:\/\/carlosmontull.com\/wp-content\/uploads\/2018\/05\/cropped-LOGO-CARLOS-NOMBRE-SOLO-BLANCO-e1607903774408.png","contentUrl":"https:\/\/carlosmontull.com\/wp-content\/uploads\/2018\/05\/cropped-LOGO-CARLOS-NOMBRE-SOLO-BLANCO-e1607903774408.png","width":2335,"height":336,"caption":"carlosmontull"},"logo":{"@id":"https:\/\/carlosmontull.com\/#\/schema\/person\/image\/"},"sameAs":["https:\/\/carlosmontull.com"]}]}},"_links":{"self":[{"href":"https:\/\/carlosmontull.com\/en\/wp-json\/wp\/v2\/product\/2313","targetHints":{"allow":["GET"]}}],"collection":[{"href":"https:\/\/carlosmontull.com\/en\/wp-json\/wp\/v2\/product"}],"about":[{"href":"https:\/\/carlosmontull.com\/en\/wp-json\/wp\/v2\/types\/product"}],"replies":[{"embeddable":true,"href":"https:\/\/carlosmontull.com\/en\/wp-json\/wp\/v2\/comments?post=2313"}],"version-history":[{"count":0,"href":"https:\/\/carlosmontull.com\/en\/wp-json\/wp\/v2\/product\/2313\/revisions"}],"wp:featuredmedia":[{"embeddable":true,"href":"https:\/\/carlosmontull.com\/en\/wp-json\/wp\/v2\/media\/2118"}],"wp:attachment":[{"href":"https:\/\/carlosmontull.com\/en\/wp-json\/wp\/v2\/media?parent=2313"}],"wp:term":[{"taxonomy":"product_brand","embeddable":true,"href":"https:\/\/carlosmontull.com\/en\/wp-json\/wp\/v2\/product_brand?post=2313"},{"taxonomy":"product_cat","embeddable":true,"href":"https:\/\/carlosmontull.com\/en\/wp-json\/wp\/v2\/product_cat?post=2313"},{"taxonomy":"product_tag","embeddable":true,"href":"https:\/\/carlosmontull.com\/en\/wp-json\/wp\/v2\/product_tag?post=2313"}],"curies":[{"name":"wp","href":"https:\/\/api.w.org\/{rel}","templated":true}]}}