{"id":2310,"date":"2021-06-09T18:03:29","date_gmt":"2021-06-09T16:03:29","guid":{"rendered":"https:\/\/carlosmontull.com\/?post_type=product&#038;p=2310"},"modified":"2022-10-21T14:10:14","modified_gmt":"2022-10-21T12:10:14","slug":"clase-online-de-bajo-electrico","status":"publish","type":"product","link":"https:\/\/carlosmontull.com\/en\/product\/clase-online-de-bajo-electrico\/","title":{"rendered":"Clase online individual"},"content":{"rendered":"","protected":false},"excerpt":{"rendered":"<p>Clase individual de 60 minutos. Me pondr\u00e9 en contacto contigo para concretar la fecha que m\u00e1s te convenga. Para m\u00e1s informaci\u00f3n consulta el apartado de clases online.<\/p>","protected":false},"featured_media":2118,"comment_status":"open","ping_status":"closed","template":"","meta":[],"product_brand":[],"product_cat":[41],"product_tag":[36,38,35,40,37,39],"class_list":{"0":"post-2310","1":"product","2":"type-product","3":"status-publish","4":"has-post-thumbnail","6":"product_cat-clases-online","7":"product_tag-bajoelectrico","8":"product_tag-clasedemusica","9":"product_tag-clasesonline","10":"product_tag-guitarrainiciacion","11":"product_tag-leccion","12":"product_tag-pianoiniciacion","14":"first","15":"instock","16":"virtual","17":"taxable","18":"purchasable","19":"product-type-simple"},"yoast_head":"<!-- This site is optimized with the Yoast SEO plugin v21.0 - https:\/\/yoast.com\/wordpress\/plugins\/seo\/ -->\n<title>Clase online individual | Carlos Montull<\/title>\n<meta name=\"description\" content=\"Clase online de bajo el\u00e9ctrico desde principiante hasta avanzado, Profesor titulado superior, Audio y video de alta calidad y grabaci\u00f3n de la clase.\" \/>\n<meta name=\"robots\" content=\"index, follow, max-snippet:-1, max-image-preview:large, max-video-preview:-1\" \/>\n<link rel=\"canonical\" href=\"https:\/\/carlosmontull.com\/en\/product\/clase-online-de-bajo-electrico\/\" \/>\n<meta property=\"og:locale\" content=\"en_GB\" \/>\n<meta property=\"og:type\" content=\"article\" \/>\n<meta property=\"og:title\" content=\"Clase online individual | Carlos Montull\" \/>\n<meta property=\"og:description\" content=\"Clase online de bajo el\u00e9ctrico desde principiante hasta avanzado, Profesor titulado superior, Audio y video de alta calidad y grabaci\u00f3n de la clase.\" \/>\n<meta property=\"og:url\" content=\"https:\/\/carlosmontull.com\/en\/product\/clase-online-de-bajo-electrico\/\" \/>\n<meta property=\"og:site_name\" content=\"Carlos Montull\" \/>\n<meta property=\"article:modified_time\" content=\"2022-10-21T12:10:14+00:00\" \/>\n<meta property=\"og:image\" content=\"https:\/\/carlosmontull.com\/wp-content\/uploads\/c059deb7-70eb-4761-9e57-03d27ce6442b-e1618761909934.jpg\" \/>\n\t<meta property=\"og:image:width\" content=\"1930\" \/>\n\t<meta property=\"og:image:height\" content=\"1200\" \/>\n\t<meta property=\"og:image:type\" content=\"image\/jpeg\" \/>\n<meta name=\"twitter:card\" content=\"summary_large_image\" \/>\n<script type=\"application\/ld+json\" class=\"yoast-schema-graph\">{\"@context\":\"https:\/\/schema.org\",\"@graph\":[{\"@type\":\"WebPage\",\"@id\":\"https:\/\/carlosmontull.com\/producto\/clase-online-de-bajo-electrico\/\",\"url\":\"https:\/\/carlosmontull.com\/producto\/clase-online-de-bajo-electrico\/\",\"name\":\"Clase online individual | Carlos Montull\",\"isPartOf\":{\"@id\":\"https:\/\/carlosmontull.com\/#website\"},\"datePublished\":\"2021-06-09T16:03:29+00:00\",\"dateModified\":\"2022-10-21T12:10:14+00:00\",\"description\":\"Clase online de bajo el\u00e9ctrico desde principiante hasta avanzado, Profesor titulado superior, Audio y video de alta calidad y grabaci\u00f3n de la clase.\",\"breadcrumb\":{\"@id\":\"https:\/\/carlosmontull.com\/producto\/clase-online-de-bajo-electrico\/#breadcrumb\"},\"inLanguage\":\"en-GB\",\"potentialAction\":[{\"@type\":\"ReadAction\",\"target\":[\"https:\/\/carlosmontull.com\/producto\/clase-online-de-bajo-electrico\/\"]}]},{\"@type\":\"BreadcrumbList\",\"@id\":\"https:\/\/carlosmontull.com\/producto\/clase-online-de-bajo-electrico\/#breadcrumb\",\"itemListElement\":[{\"@type\":\"ListItem\",\"position\":1,\"name\":\"Portada\",\"item\":\"https:\/\/carlosmontull.com\/\"},{\"@type\":\"ListItem\",\"position\":2,\"name\":\"Tienda\",\"item\":\"https:\/\/carlosmontull.com\/tienda\/\"},{\"@type\":\"ListItem\",\"position\":3,\"name\":\"Clase online individual\"}]},{\"@type\":\"WebSite\",\"@id\":\"https:\/\/carlosmontull.com\/#website\",\"url\":\"https:\/\/carlosmontull.com\/\",\"name\":\"Carlos Montull\",\"description\":\"Carlos Montull Website\",\"publisher\":{\"@id\":\"https:\/\/carlosmontull.com\/#\/schema\/person\/40df14684c5a6babffd5a242c9042b4f\"},\"potentialAction\":[{\"@type\":\"SearchAction\",\"target\":{\"@type\":\"EntryPoint\",\"urlTemplate\":\"https:\/\/carlosmontull.com\/?s={search_term_string}\"},\"query-input\":\"required name=search_term_string\"}],\"inLanguage\":\"en-GB\"},{\"@type\":[\"Person\",\"Organization\"],\"@id\":\"https:\/\/carlosmontull.com\/#\/schema\/person\/40df14684c5a6babffd5a242c9042b4f\",\"name\":\"carlosmontull\",\"image\":{\"@type\":\"ImageObject\",\"inLanguage\":\"en-GB\",\"@id\":\"https:\/\/carlosmontull.com\/#\/schema\/person\/image\/\",\"url\":\"https:\/\/carlosmontull.com\/wp-content\/uploads\/2018\/05\/cropped-LOGO-CARLOS-NOMBRE-SOLO-BLANCO-e1607903774408.png\",\"contentUrl\":\"https:\/\/carlosmontull.com\/wp-content\/uploads\/2018\/05\/cropped-LOGO-CARLOS-NOMBRE-SOLO-BLANCO-e1607903774408.png\",\"width\":2335,\"height\":336,\"caption\":\"carlosmontull\"},\"logo\":{\"@id\":\"https:\/\/carlosmontull.com\/#\/schema\/person\/image\/\"},\"sameAs\":[\"https:\/\/carlosmontull.com\"]}]}<\/script>\n<!-- \/ Yoast SEO plugin. -->","yoast_head_json":{"title":"Clase online individual | Carlos Montull","description":"Clase online de bajo el\u00e9ctrico desde principiante hasta avanzado, Profesor titulado superior, Audio y video de alta calidad y grabaci\u00f3n de la clase.","robots":{"index":"index","follow":"follow","max-snippet":"max-snippet:-1","max-image-preview":"max-image-preview:large","max-video-preview":"max-video-preview:-1"},"canonical":"https:\/\/carlosmontull.com\/en\/product\/clase-online-de-bajo-electrico\/","og_locale":"en_GB","og_type":"article","og_title":"Clase online individual | Carlos Montull","og_description":"Clase online de bajo el\u00e9ctrico desde principiante hasta avanzado, Profesor titulado superior, Audio y video de alta calidad y grabaci\u00f3n de la clase.","og_url":"https:\/\/carlosmontull.com\/en\/product\/clase-online-de-bajo-electrico\/","og_site_name":"Carlos Montull","article_modified_time":"2022-10-21T12:10:14+00:00","og_image":[{"width":1930,"height":1200,"url":"https:\/\/carlosmontull.com\/wp-content\/uploads\/c059deb7-70eb-4761-9e57-03d27ce6442b-e1618761909934.jpg","type":"image\/jpeg"}],"twitter_card":"summary_large_image","schema":{"@context":"https:\/\/schema.org","@graph":[{"@type":"WebPage","@id":"https:\/\/carlosmontull.com\/producto\/clase-online-de-bajo-electrico\/","url":"https:\/\/carlosmontull.com\/producto\/clase-online-de-bajo-electrico\/","name":"Clase online individual | Carlos Montull","isPartOf":{"@id":"https:\/\/carlosmontull.com\/#website"},"datePublished":"2021-06-09T16:03:29+00:00","dateModified":"2022-10-21T12:10:14+00:00","description":"Clase online de bajo el\u00e9ctrico desde principiante hasta avanzado, Profesor titulado superior, Audio y video de alta calidad y grabaci\u00f3n de la clase.","breadcrumb":{"@id":"https:\/\/carlosmontull.com\/producto\/clase-online-de-bajo-electrico\/#breadcrumb"},"inLanguage":"en-GB","potentialAction":[{"@type":"ReadAction","target":["https:\/\/carlosmontull.com\/producto\/clase-online-de-bajo-electrico\/"]}]},{"@type":"BreadcrumbList","@id":"https:\/\/carlosmontull.com\/producto\/clase-online-de-bajo-electrico\/#breadcrumb","itemListElement":[{"@type":"ListItem","position":1,"name":"Portada","item":"https:\/\/carlosmontull.com\/"},{"@type":"ListItem","position":2,"name":"Tienda","item":"https:\/\/carlosmontull.com\/tienda\/"},{"@type":"ListItem","position":3,"name":"Clase online individual"}]},{"@type":"WebSite","@id":"https:\/\/carlosmontull.com\/#website","url":"https:\/\/carlosmontull.com\/","name":"Carlos Montull","description":"Carlos Montull Website","publisher":{"@id":"https:\/\/carlosmontull.com\/#\/schema\/person\/40df14684c5a6babffd5a242c9042b4f"},"potentialAction":[{"@type":"SearchAction","target":{"@type":"EntryPoint","urlTemplate":"https:\/\/carlosmontull.com\/?s={search_term_string}"},"query-input":"required name=search_term_string"}],"inLanguage":"en-GB"},{"@type":["Person","Organization"],"@id":"https:\/\/carlosmontull.com\/#\/schema\/person\/40df14684c5a6babffd5a242c9042b4f","name":"carlosmontull","image":{"@type":"ImageObject","inLanguage":"en-GB","@id":"https:\/\/carlosmontull.com\/#\/schema\/person\/image\/","url":"https:\/\/carlosmontull.com\/wp-content\/uploads\/2018\/05\/cropped-LOGO-CARLOS-NOMBRE-SOLO-BLANCO-e1607903774408.png","contentUrl":"https:\/\/carlosmontull.com\/wp-content\/uploads\/2018\/05\/cropped-LOGO-CARLOS-NOMBRE-SOLO-BLANCO-e1607903774408.png","width":2335,"height":336,"caption":"carlosmontull"},"logo":{"@id":"https:\/\/carlosmontull.com\/#\/schema\/person\/image\/"},"sameAs":["https:\/\/carlosmontull.com"]}]}},"_links":{"self":[{"href":"https:\/\/carlosmontull.com\/en\/wp-json\/wp\/v2\/product\/2310","targetHints":{"allow":["GET"]}}],"collection":[{"href":"https:\/\/carlosmontull.com\/en\/wp-json\/wp\/v2\/product"}],"about":[{"href":"https:\/\/carlosmontull.com\/en\/wp-json\/wp\/v2\/types\/product"}],"replies":[{"embeddable":true,"href":"https:\/\/carlosmontull.com\/en\/wp-json\/wp\/v2\/comments?post=2310"}],"version-history":[{"count":0,"href":"https:\/\/carlosmontull.com\/en\/wp-json\/wp\/v2\/product\/2310\/revisions"}],"wp:featuredmedia":[{"embeddable":true,"href":"https:\/\/carlosmontull.com\/en\/wp-json\/wp\/v2\/media\/2118"}],"wp:attachment":[{"href":"https:\/\/carlosmontull.com\/en\/wp-json\/wp\/v2\/media?parent=2310"}],"wp:term":[{"taxonomy":"product_brand","embeddable":true,"href":"https:\/\/carlosmontull.com\/en\/wp-json\/wp\/v2\/product_brand?post=2310"},{"taxonomy":"product_cat","embeddable":true,"href":"https:\/\/carlosmontull.com\/en\/wp-json\/wp\/v2\/product_cat?post=2310"},{"taxonomy":"product_tag","embeddable":true,"href":"https:\/\/carlosmontull.com\/en\/wp-json\/wp\/v2\/product_tag?post=2310"}],"curies":[{"name":"wp","href":"https:\/\/api.w.org\/{rel}","templated":true}]}}