{"id":1325,"date":"2021-02-07T19:59:54","date_gmt":"2021-02-07T18:59:54","guid":{"rendered":"https:\/\/carlosmontull.com\/personalizar-cookies\/"},"modified":"2021-05-26T18:48:42","modified_gmt":"2021-05-26T16:48:42","slug":"personalizar-cookies","status":"publish","type":"page","link":"https:\/\/carlosmontull.com\/en\/personalizar-cookies\/","title":{"rendered":"Personalizar Cookies"},"content":{"rendered":"<div>\n      <div id=\"custom-cookies-eu-label\">\n\n        The same roll of always. I need you to accept cookies to personalize and improve your browsing my web and to comply with the law. Click to close this box is annoying, and continues to yours.\n          &nbsp;&nbsp;\n          <a target=\"_blank\" id=\"cookies-eu-more\" rel=\"nofollow\" href=\"https:\/\/carlosmontull.com\/en\/politica-de-cookies\/\">More information<\/a>\n      <\/div>\n\n      <div id=\"custom-cookies-eu-buttons\" class=\"cookies-eu-buttons\">\n        <button id=\"custom-cookies-eu-reject\" class=\"cookies-eu-reject\">Reject<\/button>\n        <button id=\"custom-cookies-eu-accept\" class=\"cookies-eu-accept\">ACEPTAR TODAS LAS COOKIES<\/button><\/div>\n      <\/div>\n\n<br\/>\n<p>\n\tPuedes cambiar tus preferencias de cookies en cualquier momento si vuelves a la p\u00e1gina de Personalizar cookies, a la que puedes acceder a trav\u00e9s del Aviso de cookies. Para obtener m\u00e1s informaci\u00f3n sobre las cookies y c\u00f3mo las usamos, consulta la p\u00e1gina de <a href=\"https:\/\/carlosmontull.com\/en\/politica-de-cookies\/\">Pol\u00edtica de Cookies<\/a>.\n<\/p>\n\n<h3>Cookies t\u00e9cnicas<\/h3>\n<p>\n\tSon aquellas que permiten a los usuarios registrados navegar a trav\u00e9s del sitio Web, del \u00e1rea restringida y a utilizar sus diferentes funciones, como por ejemplo, el sistema de comentarios o el buscador y no pueden ser desactivadas.\n<\/p>\n\n<div class=\"custom-cookies-option\">\n  <h3>Cookies de an\u00e1lisis o medici\u00f3n<\/h3>\n  <span>\n    <input type=\"radio\" name=\"cookies-analytics-option\" value=\"true\" class=\"custom-cookies-radio\" data-consent=\"ANLTCS\" id=\"custom-cookies-accept-analytics\" >\n    <label for=\"custom-cookies-accept-analytics\">Activar<\/label>\n    &nbsp;&nbsp;\n    <input type=\"radio\" name=\"cookies-analytics-option\" value=\"false\" class=\"custom-cookies-radio\" data-consent=\"ANLTCS\" id=\"custom-cookies-reject-analytics\" \n    checked>\n    <label for=\"custom-cookies-reject-analytics\">Desactivar<\/label>\n<\/span>\n<\/div>\n\n<p>\n\tSon aquellas que, bien tratadas por el sitio Web o por terceros, permiten cuantificar el n\u00famero de usuarios y as\u00ed realizar la medici\u00f3n y an\u00e1lisis estad\u00edstico de la utilizaci\u00f3n que hacen los usuarios del sitio Web. Para ello se analiza la navegaci\u00f3n que realizas en este sitio Web con el fin de mejorarlo.\n<\/p>\n\n<div class=\"custom-cookies-option\">\n  <h3>Cookies sociales<\/h3>\n  <span>\n    <input type=\"radio\" name=\"cookies-social-option\" value=\"true\" class=\"custom-cookies-radio\" data-consent=\"SCLS\" id=\"custom-cookies-accept-social\" \n    >\n    <label for=\"custom-cookies-accept-social\">Activar<\/label>\n    &nbsp;&nbsp;\n    <input type=\"radio\" name=\"cookies-social-option\" value=\"false\" class=\"custom-cookies-radio\" data-consent=\"SCLS\" id=\"custom-cookies-reject-social\" \n    checked>\n    <label for=\"custom-cookies-reject-social\">Desactivar<\/label>\n<\/span>\n<\/div>\n\n<p>\n  Son establecidas por las plataformas de redes sociales para permitir a los usuarios compartir contenido con sus amigos y redes.  \n<\/p>","protected":false},"excerpt":{"rendered":"<p>El mismo rollo de siempre. Necesito que aceptes los cookies para personalizar y mejorar tu navegaci\u00f3n por mi web y para cumplir con la legislaci\u00f3n. Haz click para cerrar esta caja molesta y sigue a lo tuyo. &nbsp;&nbsp; M\u00e1s informaci\u00f3n Rechazar ACEPTAR TODAS LAS COOKIES Puedes cambiar tus preferencias de cookies en cualquier momento si [&hellip;]<\/p>","protected":false},"author":1,"featured_media":0,"parent":0,"menu_order":0,"comment_status":"closed","ping_status":"closed","template":"","meta":{"footnotes":""},"class_list":["post-1325","page","type-page","status-publish","hentry"],"yoast_head":"<!-- This site is optimized with the Yoast SEO plugin v21.0 - https:\/\/yoast.com\/wordpress\/plugins\/seo\/ -->\n<title>Personalizar Cookies | Carlos Montull<\/title>\n<meta name=\"robots\" content=\"noindex, follow\" \/>\n<meta property=\"og:locale\" content=\"en_GB\" \/>\n<meta property=\"og:type\" content=\"article\" \/>\n<meta property=\"og:title\" content=\"Personalizar Cookies | Carlos Montull\" \/>\n<meta property=\"og:description\" content=\"El mismo rollo de siempre. Necesito que aceptes los cookies para personalizar y mejorar tu navegaci\u00f3n por mi web y para cumplir con la legislaci\u00f3n. Haz click para cerrar esta caja molesta y sigue a lo tuyo. &nbsp;&nbsp; M\u00e1s informaci\u00f3n Rechazar ACEPTAR TODAS LAS COOKIES Puedes cambiar tus preferencias de cookies en cualquier momento si [&hellip;]\" \/>\n<meta property=\"og:url\" content=\"https:\/\/carlosmontull.com\/en\/personalizar-cookies\/\" \/>\n<meta property=\"og:site_name\" content=\"Carlos Montull\" \/>\n<meta property=\"article:modified_time\" content=\"2021-05-26T16:48:42+00:00\" \/>\n<meta name=\"twitter:card\" content=\"summary_large_image\" \/>\n<script type=\"application\/ld+json\" class=\"yoast-schema-graph\">{\"@context\":\"https:\/\/schema.org\",\"@graph\":[{\"@type\":\"WebPage\",\"@id\":\"https:\/\/carlosmontull.com\/personalizar-cookies\/\",\"url\":\"https:\/\/carlosmontull.com\/personalizar-cookies\/\",\"name\":\"Personalizar Cookies | Carlos Montull\",\"isPartOf\":{\"@id\":\"https:\/\/carlosmontull.com\/#website\"},\"datePublished\":\"2021-02-07T18:59:54+00:00\",\"dateModified\":\"2021-05-26T16:48:42+00:00\",\"breadcrumb\":{\"@id\":\"https:\/\/carlosmontull.com\/personalizar-cookies\/#breadcrumb\"},\"inLanguage\":\"en-GB\",\"potentialAction\":[{\"@type\":\"ReadAction\",\"target\":[\"https:\/\/carlosmontull.com\/personalizar-cookies\/\"]}]},{\"@type\":\"BreadcrumbList\",\"@id\":\"https:\/\/carlosmontull.com\/personalizar-cookies\/#breadcrumb\",\"itemListElement\":[{\"@type\":\"ListItem\",\"position\":1,\"name\":\"Portada\",\"item\":\"https:\/\/carlosmontull.com\/\"},{\"@type\":\"ListItem\",\"position\":2,\"name\":\"Personalizar Cookies\"}]},{\"@type\":\"WebSite\",\"@id\":\"https:\/\/carlosmontull.com\/#website\",\"url\":\"https:\/\/carlosmontull.com\/\",\"name\":\"Carlos Montull\",\"description\":\"Carlos Montull Website\",\"publisher\":{\"@id\":\"https:\/\/carlosmontull.com\/#\/schema\/person\/40df14684c5a6babffd5a242c9042b4f\"},\"potentialAction\":[{\"@type\":\"SearchAction\",\"target\":{\"@type\":\"EntryPoint\",\"urlTemplate\":\"https:\/\/carlosmontull.com\/?s={search_term_string}\"},\"query-input\":\"required name=search_term_string\"}],\"inLanguage\":\"en-GB\"},{\"@type\":[\"Person\",\"Organization\"],\"@id\":\"https:\/\/carlosmontull.com\/#\/schema\/person\/40df14684c5a6babffd5a242c9042b4f\",\"name\":\"carlosmontull\",\"image\":{\"@type\":\"ImageObject\",\"inLanguage\":\"en-GB\",\"@id\":\"https:\/\/carlosmontull.com\/#\/schema\/person\/image\/\",\"url\":\"https:\/\/carlosmontull.com\/wp-content\/uploads\/2018\/05\/cropped-LOGO-CARLOS-NOMBRE-SOLO-BLANCO-e1607903774408.png\",\"contentUrl\":\"https:\/\/carlosmontull.com\/wp-content\/uploads\/2018\/05\/cropped-LOGO-CARLOS-NOMBRE-SOLO-BLANCO-e1607903774408.png\",\"width\":2335,\"height\":336,\"caption\":\"carlosmontull\"},\"logo\":{\"@id\":\"https:\/\/carlosmontull.com\/#\/schema\/person\/image\/\"},\"sameAs\":[\"https:\/\/carlosmontull.com\"]}]}<\/script>\n<!-- \/ Yoast SEO plugin. -->","yoast_head_json":{"title":"Personalizar Cookies | Carlos Montull","robots":{"index":"noindex","follow":"follow"},"og_locale":"en_GB","og_type":"article","og_title":"Personalizar Cookies | Carlos Montull","og_description":"El mismo rollo de siempre. Necesito que aceptes los cookies para personalizar y mejorar tu navegaci\u00f3n por mi web y para cumplir con la legislaci\u00f3n. Haz click para cerrar esta caja molesta y sigue a lo tuyo. &nbsp;&nbsp; M\u00e1s informaci\u00f3n Rechazar ACEPTAR TODAS LAS COOKIES Puedes cambiar tus preferencias de cookies en cualquier momento si [&hellip;]","og_url":"https:\/\/carlosmontull.com\/en\/personalizar-cookies\/","og_site_name":"Carlos Montull","article_modified_time":"2021-05-26T16:48:42+00:00","twitter_card":"summary_large_image","schema":{"@context":"https:\/\/schema.org","@graph":[{"@type":"WebPage","@id":"https:\/\/carlosmontull.com\/personalizar-cookies\/","url":"https:\/\/carlosmontull.com\/personalizar-cookies\/","name":"Personalizar Cookies | Carlos Montull","isPartOf":{"@id":"https:\/\/carlosmontull.com\/#website"},"datePublished":"2021-02-07T18:59:54+00:00","dateModified":"2021-05-26T16:48:42+00:00","breadcrumb":{"@id":"https:\/\/carlosmontull.com\/personalizar-cookies\/#breadcrumb"},"inLanguage":"en-GB","potentialAction":[{"@type":"ReadAction","target":["https:\/\/carlosmontull.com\/personalizar-cookies\/"]}]},{"@type":"BreadcrumbList","@id":"https:\/\/carlosmontull.com\/personalizar-cookies\/#breadcrumb","itemListElement":[{"@type":"ListItem","position":1,"name":"Portada","item":"https:\/\/carlosmontull.com\/"},{"@type":"ListItem","position":2,"name":"Personalizar Cookies"}]},{"@type":"WebSite","@id":"https:\/\/carlosmontull.com\/#website","url":"https:\/\/carlosmontull.com\/","name":"Carlos Montull","description":"Carlos Montull Website","publisher":{"@id":"https:\/\/carlosmontull.com\/#\/schema\/person\/40df14684c5a6babffd5a242c9042b4f"},"potentialAction":[{"@type":"SearchAction","target":{"@type":"EntryPoint","urlTemplate":"https:\/\/carlosmontull.com\/?s={search_term_string}"},"query-input":"required name=search_term_string"}],"inLanguage":"en-GB"},{"@type":["Person","Organization"],"@id":"https:\/\/carlosmontull.com\/#\/schema\/person\/40df14684c5a6babffd5a242c9042b4f","name":"carlosmontull","image":{"@type":"ImageObject","inLanguage":"en-GB","@id":"https:\/\/carlosmontull.com\/#\/schema\/person\/image\/","url":"https:\/\/carlosmontull.com\/wp-content\/uploads\/2018\/05\/cropped-LOGO-CARLOS-NOMBRE-SOLO-BLANCO-e1607903774408.png","contentUrl":"https:\/\/carlosmontull.com\/wp-content\/uploads\/2018\/05\/cropped-LOGO-CARLOS-NOMBRE-SOLO-BLANCO-e1607903774408.png","width":2335,"height":336,"caption":"carlosmontull"},"logo":{"@id":"https:\/\/carlosmontull.com\/#\/schema\/person\/image\/"},"sameAs":["https:\/\/carlosmontull.com"]}]}},"_links":{"self":[{"href":"https:\/\/carlosmontull.com\/en\/wp-json\/wp\/v2\/pages\/1325","targetHints":{"allow":["GET"]}}],"collection":[{"href":"https:\/\/carlosmontull.com\/en\/wp-json\/wp\/v2\/pages"}],"about":[{"href":"https:\/\/carlosmontull.com\/en\/wp-json\/wp\/v2\/types\/page"}],"author":[{"embeddable":true,"href":"https:\/\/carlosmontull.com\/en\/wp-json\/wp\/v2\/users\/1"}],"replies":[{"embeddable":true,"href":"https:\/\/carlosmontull.com\/en\/wp-json\/wp\/v2\/comments?post=1325"}],"version-history":[{"count":0,"href":"https:\/\/carlosmontull.com\/en\/wp-json\/wp\/v2\/pages\/1325\/revisions"}],"wp:attachment":[{"href":"https:\/\/carlosmontull.com\/en\/wp-json\/wp\/v2\/media?parent=1325"}],"curies":[{"name":"wp","href":"https:\/\/api.w.org\/{rel}","templated":true}]}}